{"id":71,"date":"2023-12-19T19:47:28","date_gmt":"2023-12-19T19:47:28","guid":{"rendered":"https:\/\/demo.artureanec.com\/themes\/neuros\/?page_id=71"},"modified":"2025-06-16T11:41:08","modified_gmt":"2025-06-16T11:41:08","slug":"contacts","status":"publish","type":"page","link":"https:\/\/subula.com\/fr\/contacts\/","title":{"rendered":"Contacts"},"content":{"rendered":"<div data-elementor-type=\"wp-page\" data-elementor-id=\"71\" class=\"elementor elementor-71\">\n\t\t\t\t\t\t<section class=\"elementor-section elementor-top-section elementor-element elementor-element-40c8888 elementor-section-boxed elementor-section-height-default elementor-section-height-default\" data-id=\"40c8888\" data-element_type=\"section\" data-settings=\"{&quot;background_background&quot;:&quot;video&quot;}\">\n\t\t\t\t\t\t<div class=\"elementor-container elementor-column-gap-wide\">\n\t\t\t\t\t<div class=\"elementor-column elementor-col-50 elementor-top-column elementor-element elementor-element-a605110\" data-id=\"a605110\" data-element_type=\"column\">\n\t\t\t<div class=\"elementor-widget-wrap elementor-element-populated\">\n\t\t\t\t\t\t<section class=\"elementor-section elementor-inner-section elementor-element elementor-element-b92429e elementor-section-boxed elementor-section-height-default elementor-section-height-default\" data-id=\"b92429e\" data-element_type=\"section\">\n\t\t\t\t\t\t<div class=\"elementor-container elementor-column-gap-default\">\n\t\t\t\t\t<div class=\"elementor-column elementor-col-100 elementor-inner-column elementor-element elementor-element-6768e4c\" data-id=\"6768e4c\" data-element_type=\"column\">\n\t\t\t<div class=\"elementor-widget-wrap elementor-element-populated\">\n\t\t\t\t\t\t<div class=\"elementor-element elementor-element-510cbba elementor-widget elementor-widget-neuros_heading\" data-id=\"510cbba\" data-element_type=\"widget\" data-widget_type=\"neuros_heading.default\">\n\t\t\t\t<div class=\"elementor-widget-container\">\n\t\t\t\t\t<div class=\"neuros-heading-widget\"><h2 class=\"neuros-heading\"><span class=\"neuros-heading-content has_gradient_color_text\">Nous vous aidons \u00e0 atteindre vos objectifs<\/span><\/h2><\/div>\t\t\t\t<\/div>\n\t\t\t\t<\/div>\n\t\t\t\t<div class=\"elementor-element elementor-element-825c078 elementor-widget elementor-widget-text-editor\" data-id=\"825c078\" data-element_type=\"widget\" data-widget_type=\"text-editor.default\">\n\t\t\t\t<div class=\"elementor-widget-container\">\n\t\t\t\t\t\t\t\t\t<p>Que vous soyez pr\u00eat \u00e0 vous lancer dans une aventure d'IA ou d'\u00e9ducation num\u00e9rique, \u00e0 am\u00e9liorer des initiatives existantes, \u00e0 avoir besoin de conseils d'experts ou \u00e0 collaborer, Subula est l\u00e0 pour vous aider.<\/p>\t\t\t\t\t\t\t\t<\/div>\n\t\t\t\t<\/div>\n\t\t\t\t\t<\/div>\n\t\t<\/div>\n\t\t\t\t\t<\/div>\n\t\t<\/section>\n\t\t\t\t<section class=\"elementor-section elementor-inner-section elementor-element elementor-element-edf4297 elementor-section-content-top elementor-section-boxed elementor-section-height-default elementor-section-height-default\" data-id=\"edf4297\" data-element_type=\"section\">\n\t\t\t\t\t\t<div class=\"elementor-container elementor-column-gap-default\">\n\t\t\t\t\t<div class=\"elementor-column elementor-col-50 elementor-inner-column elementor-element elementor-element-edc40ba\" data-id=\"edc40ba\" data-element_type=\"column\">\n\t\t\t<div class=\"elementor-widget-wrap elementor-element-populated\">\n\t\t\t\t\t\t<div class=\"elementor-element elementor-element-2b58309 elementor-widget elementor-widget-neuros_heading\" data-id=\"2b58309\" data-element_type=\"widget\" data-widget_type=\"neuros_heading.default\">\n\t\t\t\t<div class=\"elementor-widget-container\">\n\t\t\t\t\t<div class=\"neuros-heading-widget\"><h6 class=\"neuros-heading\"><span class=\"neuros-heading-content has_gradient_color_text\">Appeler nous<\/span><\/h6><\/div>\t\t\t\t<\/div>\n\t\t\t\t<\/div>\n\t\t\t\t<div class=\"elementor-element elementor-element-1f4f9b4 elementor-widget elementor-widget-text-editor\" data-id=\"1f4f9b4\" data-element_type=\"widget\" data-widget_type=\"text-editor.default\">\n\t\t\t\t<div class=\"elementor-widget-container\">\n\t\t\t\t\t\t\t\t\t<p><a href=\"tel:+43 676 364 5441\">+43 676 364 5441<\/a><\/p>\t\t\t\t\t\t\t\t<\/div>\n\t\t\t\t<\/div>\n\t\t\t\t<div class=\"elementor-element elementor-element-93805f6 elementor-widget elementor-widget-neuros_heading\" data-id=\"93805f6\" data-element_type=\"widget\" data-widget_type=\"neuros_heading.default\">\n\t\t\t\t<div class=\"elementor-widget-container\">\n\t\t\t\t\t<div class=\"neuros-heading-widget\"><h6 class=\"neuros-heading\"><span class=\"neuros-heading-content has_gradient_color_text\">R\u00e9seau social<\/span><\/h6><\/div>\t\t\t\t<\/div>\n\t\t\t\t<\/div>\n\t\t\t\t<div class=\"elementor-element elementor-element-105edf3 e-grid-align-left elementor-grid-3 elementor-shape-rounded elementor-widget elementor-widget-social-icons\" data-id=\"105edf3\" data-element_type=\"widget\" data-widget_type=\"social-icons.default\">\n\t\t\t\t<div class=\"elementor-widget-container\">\n\t\t\t\t\t\t\t<div class=\"elementor-social-icons-wrapper elementor-grid\">\n\t\t\t\t\t\t\t<span class=\"elementor-grid-item\">\n\t\t\t\t\t<a class=\"elementor-icon elementor-social-icon elementor-social-icon-linkedin elementor-repeater-item-cac51c3\" href=\"https:\/\/www.linkedin.com\/company\/subula-e-u\/\" target=\"_blank\">\n\t\t\t\t\t\t<span class=\"elementor-screen-only\">Linkedin<\/span>\n\t\t\t\t\t\t<i class=\"fab fa-linkedin\"><\/i>\t\t\t\t\t<\/a>\n\t\t\t\t<\/span>\n\t\t\t\t\t<\/div>\n\t\t\t\t\t\t<\/div>\n\t\t\t\t<\/div>\n\t\t\t\t\t<\/div>\n\t\t<\/div>\n\t\t\t\t<div class=\"elementor-column elementor-col-50 elementor-inner-column elementor-element elementor-element-ea95dd8\" data-id=\"ea95dd8\" data-element_type=\"column\">\n\t\t\t<div class=\"elementor-widget-wrap elementor-element-populated\">\n\t\t\t\t\t\t<div class=\"elementor-element elementor-element-682b2ae elementor-widget elementor-widget-neuros_heading\" data-id=\"682b2ae\" data-element_type=\"widget\" data-widget_type=\"neuros_heading.default\">\n\t\t\t\t<div class=\"elementor-widget-container\">\n\t\t\t\t\t<div class=\"neuros-heading-widget\"><h6 class=\"neuros-heading\"><span class=\"neuros-heading-content has_gradient_color_text\">Courriel<\/span><\/h6><\/div>\t\t\t\t<\/div>\n\t\t\t\t<\/div>\n\t\t\t\t<div class=\"elementor-element elementor-element-b657955 elementor-widget elementor-widget-text-editor\" data-id=\"b657955\" data-element_type=\"widget\" data-widget_type=\"text-editor.default\">\n\t\t\t\t<div class=\"elementor-widget-container\">\n\t\t\t\t\t\t\t\t\t<p><a href=\"mailto:contact@subula.com\">contact@subula.com<\/a><\/p>\t\t\t\t\t\t\t\t<\/div>\n\t\t\t\t<\/div>\n\t\t\t\t<div class=\"elementor-element elementor-element-96de688 elementor-widget elementor-widget-neuros_heading\" data-id=\"96de688\" data-element_type=\"widget\" data-widget_type=\"neuros_heading.default\">\n\t\t\t\t<div class=\"elementor-widget-container\">\n\t\t\t\t\t<div class=\"neuros-heading-widget\"><h6 class=\"neuros-heading\"><span class=\"neuros-heading-content has_gradient_color_text\">Localisation<\/span><\/h6><\/div>\t\t\t\t<\/div>\n\t\t\t\t<\/div>\n\t\t\t\t<div class=\"elementor-element elementor-element-783da13 elementor-widget elementor-widget-text-editor\" data-id=\"783da13\" data-element_type=\"widget\" data-widget_type=\"text-editor.default\">\n\t\t\t\t<div class=\"elementor-widget-container\">\n\t\t\t\t\t\t\t\t\t<p>Julius - Tandler - Platz 2B\/2\/92, 1090 Vienne Autriche<\/p>\t\t\t\t\t\t\t\t<\/div>\n\t\t\t\t<\/div>\n\t\t\t\t\t<\/div>\n\t\t<\/div>\n\t\t\t\t\t<\/div>\n\t\t<\/section>\n\t\t\t\t\t<\/div>\n\t\t<\/div>\n\t\t\t\t<div class=\"elementor-column elementor-col-50 elementor-top-column elementor-element elementor-element-00b203a\" data-id=\"00b203a\" data-element_type=\"column\" data-settings=\"{&quot;background_background&quot;:&quot;classic&quot;}\">\n\t\t\t<div class=\"elementor-widget-wrap elementor-element-populated\">\n\t\t\t\t\t\t<div class=\"elementor-element elementor-element-8da89d5 wpforms-button-border-style-solid wpforms-button-bakground-style-solid elementor-widget elementor-widget-neuros_wpforms\" data-id=\"8da89d5\" data-element_type=\"widget\" data-widget_type=\"neuros_wpforms.default\">\n\t\t\t\t<div class=\"elementor-widget-container\">\n\t\t\t\t\t        <div class=\"neuros-wpforms-widget\">\n            <h4 class=\"wpforms-widget-heading neuros-heading\"><span class=\"neuros-heading-content\">Faites-nous part de vos besoins<\/span><\/h4><div class=\"wpforms-container wpforms-container-full wpforms-render-modern\" id=\"wpforms-22914\"><form id=\"wpforms-form-22914\" class=\"wpforms-validate wpforms-form wpforms-ajax-form\" data-formid=\"22914\" method=\"post\" enctype=\"multipart\/form-data\" action=\"\/fr\/wp-json\/wp\/v2\/pages\/71\" data-token=\"ed71b8200fa2f9be4ff4c8db35648e47\" data-token-time=\"1776319531\" data-trp-original-action=\"\/fr\/wp-json\/wp\/v2\/pages\/71\"><div class=\"wpforms-head-container\"><div class=\"wpforms-description\">Faites-nous savoir comment nous pouvons vous aider. Qu'il s'agisse de produire et de d\u00e9ployer des strat\u00e9gies d'IA ou de fournir des solutions d'\u00e9ducation num\u00e9rique, nous sommes impatients de travailler avec vous.<\/div><\/div><noscript class=\"wpforms-error-noscript\">Veuillez activer JavaScript dans votre navigateur pour remplir ce formulaire.<\/noscript><div class=\"wpforms-hidden\" id=\"wpforms-error-noscript\">Veuillez activer JavaScript dans votre navigateur pour remplir ce formulaire.<\/div><div class=\"wpforms-field-container\"><div id=\"wpforms-22914-field_1-container\" class=\"wpforms-field wpforms-field-text\" data-field-id=\"1\"><label class=\"wpforms-field-label wpforms-label-hide\" for=\"wpforms-22914-field_1\" aria-hidden=\"false\">Nom complet <span class=\"wpforms-required-label\" aria-hidden=\"true\">*<\/span><\/label><input type=\"text\" id=\"wpforms-22914-field_1\" class=\"wpforms-field-large wpforms-field-required\" name=\"wpforms[fields][1]\" placeholder=\"Nom complet\" aria-errormessage=\"wpforms-22914-field_1-error\" required><\/div><div id=\"wpforms-22914-field_10-container\" class=\"wpforms-field wpforms-field-text\" data-field-id=\"10\"><label class=\"wpforms-field-label wpforms-label-hide\" for=\"wpforms-22914-field_10\" aria-hidden=\"false\">Organisation<\/label><input type=\"text\" id=\"wpforms-22914-field_10\" class=\"wpforms-field-large\" name=\"wpforms[fields][10]\" placeholder=\"Organisation\" aria-errormessage=\"wpforms-22914-field_10-error\" ><\/div><div id=\"wpforms-22914-field_11-container\" class=\"wpforms-field wpforms-field-text\" data-field-id=\"11\"><label class=\"wpforms-field-label wpforms-label-hide\" for=\"wpforms-22914-field_11\" aria-hidden=\"false\">R\u00f4le<\/label><input type=\"text\" id=\"wpforms-22914-field_11\" class=\"wpforms-field-large\" name=\"wpforms[fields][11]\" placeholder=\"R\u00f4le\" aria-errormessage=\"wpforms-22914-field_11-error\" ><\/div><div id=\"wpforms-22914-field_3-container\" class=\"wpforms-field wpforms-field-email\" data-field-id=\"3\"><label class=\"wpforms-field-label wpforms-label-hide\" for=\"wpforms-22914-field_3\" aria-hidden=\"false\">Courriel <span class=\"wpforms-required-label\" aria-hidden=\"true\">*<\/span><\/label><input type=\"email\" id=\"wpforms-22914-field_3\" class=\"wpforms-field-large wpforms-field-required\" name=\"wpforms[fields][3]\" placeholder=\"Courriel\" spellcheck=\"false\" aria-errormessage=\"wpforms-22914-field_3-error\" required><\/div><div id=\"wpforms-22914-field_4-container\" class=\"wpforms-field wpforms-field-text\" data-field-id=\"4\"><label class=\"wpforms-field-label wpforms-label-hide\" for=\"wpforms-22914-field_4\" aria-hidden=\"false\">Type d'enqu\u00eate <span class=\"wpforms-required-label\" aria-hidden=\"true\">*<\/span><\/label><input type=\"text\" id=\"wpforms-22914-field_4\" class=\"wpforms-field-large wpforms-field-required\" name=\"wpforms[fields][4]\" placeholder=\"Type d&#039;enqu\u00eate\" aria-errormessage=\"wpforms-22914-field_4-error\" required><\/div><div id=\"wpforms-22914-field_5-container\" class=\"wpforms-field wpforms-field-textarea\" data-field-id=\"5\"><label class=\"wpforms-field-label wpforms-label-hide\" for=\"wpforms-22914-field_5\" aria-hidden=\"false\">Message<\/label><textarea id=\"wpforms-22914-field_5\" class=\"wpforms-field-small\" name=\"wpforms[fields][5]\" placeholder=\"Message\" aria-errormessage=\"wpforms-22914-field_5-error\" ><\/textarea><\/div><\/div><!-- .wpforms-field-container --><div class=\"wpforms-submit-container\" ><input type=\"hidden\" name=\"wpforms[id]\" value=\"22914\"><input type=\"hidden\" name=\"page_title\" value=\"\"><input type=\"hidden\" name=\"page_url\" value=\"https:\/\/subula.com\/fr\/wp-json\/wp\/v2\/pages\/71\"><input type=\"hidden\" name=\"url_referer\" value=\"\"><button type=\"submit\" name=\"wpforms[submit]\" id=\"wpforms-submit-22914\" class=\"wpforms-submit\" data-alt-text=\"Sending...\" data-submit-text=\"Send a Message\" aria-live=\"assertive\" value=\"wpforms-submit\">Envoyer un message<\/button><img decoding=\"async\" src=\"https:\/\/subula.com\/wp-content\/plugins\/wpforms-lite\/assets\/images\/submit-spin.svg\" class=\"wpforms-submit-spinner\" style=\"display: none;\" width=\"26\" height=\"26\" alt=\"Chargement en cours\"><\/div><input type=\"hidden\" name=\"trp-form-language\" value=\"fr\"\/><\/form><\/div>  <!-- .wpforms-container -->        <\/div>\n        \t\t\t\t<\/div>\n\t\t\t\t<\/div>\n\t\t\t\t\t<\/div>\n\t\t<\/div>\n\t\t\t\t\t<\/div>\n\t\t<\/section>\n\t\t\t\t<section class=\"elementor-section elementor-top-section elementor-element elementor-element-b51f529 elementor-section-full_width elementor-section-stretched elementor-section-height-default elementor-section-height-default\" data-id=\"b51f529\" data-element_type=\"section\" data-settings=\"{&quot;stretch_section&quot;:&quot;section-stretched&quot;}\">\n\t\t\t\t\t\t<div class=\"elementor-container elementor-column-gap-no\">\n\t\t\t\t\t<div class=\"elementor-column elementor-col-100 elementor-top-column elementor-element elementor-element-ad4d339\" data-id=\"ad4d339\" data-element_type=\"column\">\n\t\t\t<div class=\"elementor-widget-wrap elementor-element-populated\">\n\t\t\t\t\t\t<div class=\"elementor-element elementor-element-d81ca38 elementor-widget elementor-widget-google_maps\" data-id=\"d81ca38\" data-element_type=\"widget\" data-widget_type=\"google_maps.default\">\n\t\t\t\t<div class=\"elementor-widget-container\">\n\t\t\t\t\t\t\t<div class=\"elementor-custom-embed\">\n\t\t\t<iframe loading=\"lazy\"\n\t\t\t\t\tsrc=\"https:\/\/maps.google.com\/maps?q=Julius%20-%20Tandler%20-%20Platz%203%2FB%2F9%2C%201090%20Vienna%20Austria&#038;t=m&#038;z=10&#038;output=embed&#038;iwloc=near\"\n\t\t\t\t\ttitle=\"Julius - Tandler - Platz 3\/B\/9, 1090 Vienne Autriche\"\n\t\t\t\t\taria-label=\"Julius - Tandler - Platz 3\/B\/9, 1090 Vienne Autriche\"\n\t\t\t><\/iframe>\n\t\t<\/div>\n\t\t\t\t\t\t<\/div>\n\t\t\t\t<\/div>\n\t\t\t\t\t<\/div>\n\t\t<\/div>\n\t\t\t\t\t<\/div>\n\t\t<\/section>\n\t\t\t\t<\/div>","protected":false},"excerpt":{"rendered":"<p>Whether you\u2019re ready to embark on an AI or digital education journey, improve existing initiatives, need expert advice, or want to collaborate, Subula is here to help. +43 676 364 5441 Linkedin contact@subula.com Julius &#8211; Tandler &#8211; Platz 2B\/2\/92, 1090 Vienna&#8230;<\/p>","protected":false},"author":1,"featured_media":0,"parent":0,"menu_order":0,"comment_status":"closed","ping_status":"closed","template":"","meta":{"footnotes":""},"class_list":["post-71","page","type-page","status-publish","hentry"],"yoast_head":"<!-- This site is optimized with the Yoast SEO plugin v25.0 - https:\/\/yoast.com\/wordpress\/plugins\/seo\/ -->\n<title>Contacts - Subula<\/title>\n<meta name=\"robots\" content=\"index, follow, max-snippet:-1, max-image-preview:large, max-video-preview:-1\" \/>\n<link rel=\"canonical\" href=\"https:\/\/subula.com\/fr\/contacts\/\" \/>\n<meta property=\"og:locale\" content=\"fr_FR\" \/>\n<meta property=\"og:type\" content=\"article\" \/>\n<meta property=\"og:title\" content=\"Contacts - Subula\" \/>\n<meta property=\"og:description\" content=\"Whether you\u2019re ready to embark on an AI or digital education journey, improve existing initiatives, need expert advice, or want to collaborate, Subula is here to help. +43 676 364 5441 Linkedin contact@subula.com Julius &#8211; Tandler &#8211; Platz 2B\/2\/92, 1090 Vienna...\" \/>\n<meta property=\"og:url\" content=\"https:\/\/subula.com\/fr\/contacts\/\" \/>\n<meta property=\"og:site_name\" content=\"Subula\" \/>\n<meta property=\"article:modified_time\" content=\"2025-06-16T11:41:08+00:00\" \/>\n<meta name=\"twitter:card\" content=\"summary_large_image\" \/>\n<meta name=\"twitter:label1\" content=\"Dur\u00e9e de lecture estim\u00e9e\" \/>\n\t<meta name=\"twitter:data1\" content=\"1 minute\" \/>\n<script type=\"application\/ld+json\" class=\"yoast-schema-graph\">{\"@context\":\"https:\/\/schema.org\",\"@graph\":[{\"@type\":\"WebPage\",\"@id\":\"https:\/\/subula.com\/contacts\/\",\"url\":\"https:\/\/subula.com\/contacts\/\",\"name\":\"Contacts - Subula\",\"isPartOf\":{\"@id\":\"https:\/\/subula.com\/#website\"},\"datePublished\":\"2023-12-19T19:47:28+00:00\",\"dateModified\":\"2025-06-16T11:41:08+00:00\",\"breadcrumb\":{\"@id\":\"https:\/\/subula.com\/contacts\/#breadcrumb\"},\"inLanguage\":\"fr-FR\",\"potentialAction\":[{\"@type\":\"ReadAction\",\"target\":[\"https:\/\/subula.com\/contacts\/\"]}]},{\"@type\":\"BreadcrumbList\",\"@id\":\"https:\/\/subula.com\/contacts\/#breadcrumb\",\"itemListElement\":[{\"@type\":\"ListItem\",\"position\":1,\"name\":\"Home\",\"item\":\"https:\/\/subula.com\/\"},{\"@type\":\"ListItem\",\"position\":2,\"name\":\"Contacts\"}]},{\"@type\":\"WebSite\",\"@id\":\"https:\/\/subula.com\/#website\",\"url\":\"https:\/\/subula.com\/\",\"name\":\"Subula\",\"description\":\"Empowering Education with AI-Driven Solutions\",\"potentialAction\":[{\"@type\":\"SearchAction\",\"target\":{\"@type\":\"EntryPoint\",\"urlTemplate\":\"https:\/\/subula.com\/?s={search_term_string}\"},\"query-input\":{\"@type\":\"PropertyValueSpecification\",\"valueRequired\":true,\"valueName\":\"search_term_string\"}}],\"inLanguage\":\"fr-FR\"}]}<\/script>\n<!-- \/ Yoast SEO plugin. -->","yoast_head_json":{"title":"Contacts - Subula","robots":{"index":"index","follow":"follow","max-snippet":"max-snippet:-1","max-image-preview":"max-image-preview:large","max-video-preview":"max-video-preview:-1"},"canonical":"https:\/\/subula.com\/fr\/contacts\/","og_locale":"fr_FR","og_type":"article","og_title":"Contacts - Subula","og_description":"Whether you\u2019re ready to embark on an AI or digital education journey, improve existing initiatives, need expert advice, or want to collaborate, Subula is here to help. +43 676 364 5441 Linkedin contact@subula.com Julius &#8211; Tandler &#8211; Platz 2B\/2\/92, 1090 Vienna...","og_url":"https:\/\/subula.com\/fr\/contacts\/","og_site_name":"Subula","article_modified_time":"2025-06-16T11:41:08+00:00","twitter_card":"summary_large_image","twitter_misc":{"Dur\u00e9e de lecture estim\u00e9e":"1 minute"},"schema":{"@context":"https:\/\/schema.org","@graph":[{"@type":"WebPage","@id":"https:\/\/subula.com\/contacts\/","url":"https:\/\/subula.com\/contacts\/","name":"Contacts - Subula","isPartOf":{"@id":"https:\/\/subula.com\/#website"},"datePublished":"2023-12-19T19:47:28+00:00","dateModified":"2025-06-16T11:41:08+00:00","breadcrumb":{"@id":"https:\/\/subula.com\/contacts\/#breadcrumb"},"inLanguage":"fr-FR","potentialAction":[{"@type":"ReadAction","target":["https:\/\/subula.com\/contacts\/"]}]},{"@type":"BreadcrumbList","@id":"https:\/\/subula.com\/contacts\/#breadcrumb","itemListElement":[{"@type":"ListItem","position":1,"name":"Home","item":"https:\/\/subula.com\/"},{"@type":"ListItem","position":2,"name":"Contacts"}]},{"@type":"WebSite","@id":"https:\/\/subula.com\/#website","url":"https:\/\/subula.com\/","name":"Subula","description":"Empowering Education with AI-Driven Solutions","potentialAction":[{"@type":"SearchAction","target":{"@type":"EntryPoint","urlTemplate":"https:\/\/subula.com\/?s={search_term_string}"},"query-input":{"@type":"PropertyValueSpecification","valueRequired":true,"valueName":"search_term_string"}}],"inLanguage":"fr-FR"}]}},"_links":{"self":[{"href":"https:\/\/subula.com\/fr\/wp-json\/wp\/v2\/pages\/71","targetHints":{"allow":["GET"]}}],"collection":[{"href":"https:\/\/subula.com\/fr\/wp-json\/wp\/v2\/pages"}],"about":[{"href":"https:\/\/subula.com\/fr\/wp-json\/wp\/v2\/types\/page"}],"author":[{"embeddable":true,"href":"https:\/\/subula.com\/fr\/wp-json\/wp\/v2\/users\/1"}],"replies":[{"embeddable":true,"href":"https:\/\/subula.com\/fr\/wp-json\/wp\/v2\/comments?post=71"}],"version-history":[{"count":96,"href":"https:\/\/subula.com\/fr\/wp-json\/wp\/v2\/pages\/71\/revisions"}],"predecessor-version":[{"id":25762,"href":"https:\/\/subula.com\/fr\/wp-json\/wp\/v2\/pages\/71\/revisions\/25762"}],"wp:attachment":[{"href":"https:\/\/subula.com\/fr\/wp-json\/wp\/v2\/media?parent=71"}],"curies":[{"name":"wp","href":"https:\/\/api.w.org\/{rel}","templated":true}]}}