{"id":7592,"date":"2024-03-21T18:41:24","date_gmt":"2024-03-21T16:41:24","guid":{"rendered":"https:\/\/demo.artureanec.com\/themes\/neuros\/product\/white-hoody-copy\/"},"modified":"2024-03-21T18:41:24","modified_gmt":"2024-03-21T16:41:24","slug":"tri-blemd-cret-t-shirt","status":"publish","type":"product","link":"https:\/\/subula.com\/fr\/produit\/tri-blemd-cret-t-shirt\/","title":{"rendered":"T-shirt Tri blemd cret"},"content":{"rendered":"<p>Les donn\u00e9es sont au c\u0153ur des r\u00e9seaux neuronaux et nos services commencent par la compr\u00e9hension de votre paysage de donn\u00e9es unique. Nous travaillons en \u00e9troite collaboration avec vous pour identifier et collecter les sources de donn\u00e9es pertinentes, afin de garantir que vos mod\u00e8les de r\u00e9seaux neuronaux reposent sur des bases solides. Nos data scientists utilisent des techniques de pointe pour pr\u00e9traiter et nettoyer les donn\u00e9es, afin qu'elles soient pr\u00eates pour l'entra\u00eenement des mod\u00e8les de r\u00e9seaux neuronaux.<\/p>\n<ul>\n<li><strong>Coton<\/strong><\/li>\n<li><strong>Polyester<\/strong><\/li>\n<li><strong>Laine<\/strong><\/li>\n<li><strong>M\u00e9langes<\/strong><\/li>\n<\/ul>","protected":false},"excerpt":{"rendered":"<p>Le d\u00e9veloppement de r\u00e9seaux neuronaux est une t\u00e2che sp\u00e9cialis\u00e9e qui requiert de l'expertise et de l'exp\u00e9rience. Notre \u00e9quipe de professionnels qualifi\u00e9s excelle dans la conception et la mise en \u0153uvre d'architectures de r\u00e9seaux neuronaux adapt\u00e9es aux besoins sp\u00e9cifiques de votre entreprise.<\/p>\n<ul>\n<li><strong>Coton<\/strong><\/li>\n<li><strong>Polyester<\/strong><\/li>\n<li><strong>Laine<\/strong><\/li>\n<li><strong>M\u00e9langes<\/strong><\/li>\n<\/ul>","protected":false},"featured_media":7585,"comment_status":"open","ping_status":"closed","template":"","meta":[],"product_brand":[],"product_cat":[64],"product_tag":[35,46,54],"class_list":{"0":"post-7592","1":"product","2":"type-product","3":"status-publish","4":"has-post-thumbnail","6":"product_cat-t-shirts","7":"product_tag-clothes","8":"product_tag-hoody","9":"product_tag-red","11":"first","12":"instock","13":"shipping-taxable","14":"purchasable","15":"product-type-simple"},"yoast_head":"<!-- This site is optimized with the Yoast SEO plugin v25.0 - https:\/\/yoast.com\/wordpress\/plugins\/seo\/ -->\n<title>Tri blemd cret T-shirt - Subula<\/title>\n<meta name=\"robots\" content=\"index, follow, max-snippet:-1, max-image-preview:large, max-video-preview:-1\" \/>\n<link rel=\"canonical\" href=\"https:\/\/subula.com\/fr\/produit\/tri-blemd-cret-t-shirt\/\" \/>\n<meta property=\"og:locale\" content=\"fr_FR\" \/>\n<meta property=\"og:type\" content=\"article\" \/>\n<meta property=\"og:title\" content=\"Tri blemd cret T-shirt - Subula\" \/>\n<meta property=\"og:description\" content=\"The development of neural networks is a specialized task that requires expertise and experience. Our team of skilled professionals excels in designing and implementing neural network architectures tailored to your specific business needs.  Cotton  Polyester  Wool  Blends\" \/>\n<meta property=\"og:url\" content=\"https:\/\/subula.com\/fr\/produit\/tri-blemd-cret-t-shirt\/\" \/>\n<meta property=\"og:site_name\" content=\"Subula\" \/>\n<meta property=\"og:image\" content=\"https:\/\/subula.com\/wp-content\/uploads\/2024\/03\/130-1-min.jpg\" \/>\n\t<meta property=\"og:image:width\" content=\"915\" \/>\n\t<meta property=\"og:image:height\" content=\"942\" \/>\n\t<meta property=\"og:image:type\" content=\"image\/jpeg\" \/>\n<meta name=\"twitter:card\" content=\"summary_large_image\" \/>\n<script type=\"application\/ld+json\" class=\"yoast-schema-graph\">{\"@context\":\"https:\/\/schema.org\",\"@graph\":[{\"@type\":\"WebPage\",\"@id\":\"https:\/\/subula.com\/product\/tri-blemd-cret-t-shirt\/\",\"url\":\"https:\/\/subula.com\/product\/tri-blemd-cret-t-shirt\/\",\"name\":\"Tri blemd cret T-shirt - Subula\",\"isPartOf\":{\"@id\":\"https:\/\/subula.com\/#website\"},\"primaryImageOfPage\":{\"@id\":\"https:\/\/subula.com\/product\/tri-blemd-cret-t-shirt\/#primaryimage\"},\"image\":{\"@id\":\"https:\/\/subula.com\/product\/tri-blemd-cret-t-shirt\/#primaryimage\"},\"thumbnailUrl\":\"https:\/\/subula.com\/wp-content\/uploads\/2024\/03\/130-1-min.jpg\",\"datePublished\":\"2024-03-21T16:41:24+00:00\",\"breadcrumb\":{\"@id\":\"https:\/\/subula.com\/product\/tri-blemd-cret-t-shirt\/#breadcrumb\"},\"inLanguage\":\"fr-FR\",\"potentialAction\":[{\"@type\":\"ReadAction\",\"target\":[\"https:\/\/subula.com\/product\/tri-blemd-cret-t-shirt\/\"]}]},{\"@type\":\"ImageObject\",\"inLanguage\":\"fr-FR\",\"@id\":\"https:\/\/subula.com\/product\/tri-blemd-cret-t-shirt\/#primaryimage\",\"url\":\"https:\/\/subula.com\/wp-content\/uploads\/2024\/03\/130-1-min.jpg\",\"contentUrl\":\"https:\/\/subula.com\/wp-content\/uploads\/2024\/03\/130-1-min.jpg\",\"width\":915,\"height\":942},{\"@type\":\"BreadcrumbList\",\"@id\":\"https:\/\/subula.com\/product\/tri-blemd-cret-t-shirt\/#breadcrumb\",\"itemListElement\":[{\"@type\":\"ListItem\",\"position\":1,\"name\":\"Home\",\"item\":\"https:\/\/subula.com\/\"},{\"@type\":\"ListItem\",\"position\":2,\"name\":\"Products\",\"item\":\"https:\/\/subula.com\/shop\/\"},{\"@type\":\"ListItem\",\"position\":3,\"name\":\"Tri blemd cret T-shirt\"}]},{\"@type\":\"WebSite\",\"@id\":\"https:\/\/subula.com\/#website\",\"url\":\"https:\/\/subula.com\/\",\"name\":\"Subula\",\"description\":\"Empowering Education with AI-Driven Solutions\",\"potentialAction\":[{\"@type\":\"SearchAction\",\"target\":{\"@type\":\"EntryPoint\",\"urlTemplate\":\"https:\/\/subula.com\/?s={search_term_string}\"},\"query-input\":{\"@type\":\"PropertyValueSpecification\",\"valueRequired\":true,\"valueName\":\"search_term_string\"}}],\"inLanguage\":\"fr-FR\"}]}<\/script>\n<!-- \/ Yoast SEO plugin. -->","yoast_head_json":{"title":"Tri blemd cret T-shirt - Subula","robots":{"index":"index","follow":"follow","max-snippet":"max-snippet:-1","max-image-preview":"max-image-preview:large","max-video-preview":"max-video-preview:-1"},"canonical":"https:\/\/subula.com\/fr\/produit\/tri-blemd-cret-t-shirt\/","og_locale":"fr_FR","og_type":"article","og_title":"Tri blemd cret T-shirt - Subula","og_description":"The development of neural networks is a specialized task that requires expertise and experience. Our team of skilled professionals excels in designing and implementing neural network architectures tailored to your specific business needs.  Cotton  Polyester  Wool  Blends","og_url":"https:\/\/subula.com\/fr\/produit\/tri-blemd-cret-t-shirt\/","og_site_name":"Subula","og_image":[{"width":915,"height":942,"url":"https:\/\/subula.com\/wp-content\/uploads\/2024\/03\/130-1-min.jpg","type":"image\/jpeg"}],"twitter_card":"summary_large_image","schema":{"@context":"https:\/\/schema.org","@graph":[{"@type":"WebPage","@id":"https:\/\/subula.com\/product\/tri-blemd-cret-t-shirt\/","url":"https:\/\/subula.com\/product\/tri-blemd-cret-t-shirt\/","name":"Tri blemd cret T-shirt - Subula","isPartOf":{"@id":"https:\/\/subula.com\/#website"},"primaryImageOfPage":{"@id":"https:\/\/subula.com\/product\/tri-blemd-cret-t-shirt\/#primaryimage"},"image":{"@id":"https:\/\/subula.com\/product\/tri-blemd-cret-t-shirt\/#primaryimage"},"thumbnailUrl":"https:\/\/subula.com\/wp-content\/uploads\/2024\/03\/130-1-min.jpg","datePublished":"2024-03-21T16:41:24+00:00","breadcrumb":{"@id":"https:\/\/subula.com\/product\/tri-blemd-cret-t-shirt\/#breadcrumb"},"inLanguage":"fr-FR","potentialAction":[{"@type":"ReadAction","target":["https:\/\/subula.com\/product\/tri-blemd-cret-t-shirt\/"]}]},{"@type":"ImageObject","inLanguage":"fr-FR","@id":"https:\/\/subula.com\/product\/tri-blemd-cret-t-shirt\/#primaryimage","url":"https:\/\/subula.com\/wp-content\/uploads\/2024\/03\/130-1-min.jpg","contentUrl":"https:\/\/subula.com\/wp-content\/uploads\/2024\/03\/130-1-min.jpg","width":915,"height":942},{"@type":"BreadcrumbList","@id":"https:\/\/subula.com\/product\/tri-blemd-cret-t-shirt\/#breadcrumb","itemListElement":[{"@type":"ListItem","position":1,"name":"Home","item":"https:\/\/subula.com\/"},{"@type":"ListItem","position":2,"name":"Products","item":"https:\/\/subula.com\/shop\/"},{"@type":"ListItem","position":3,"name":"Tri blemd cret T-shirt"}]},{"@type":"WebSite","@id":"https:\/\/subula.com\/#website","url":"https:\/\/subula.com\/","name":"Subula","description":"Empowering Education with AI-Driven Solutions","potentialAction":[{"@type":"SearchAction","target":{"@type":"EntryPoint","urlTemplate":"https:\/\/subula.com\/?s={search_term_string}"},"query-input":{"@type":"PropertyValueSpecification","valueRequired":true,"valueName":"search_term_string"}}],"inLanguage":"fr-FR"}]}},"_links":{"self":[{"href":"https:\/\/subula.com\/fr\/wp-json\/wp\/v2\/product\/7592","targetHints":{"allow":["GET"]}}],"collection":[{"href":"https:\/\/subula.com\/fr\/wp-json\/wp\/v2\/product"}],"about":[{"href":"https:\/\/subula.com\/fr\/wp-json\/wp\/v2\/types\/product"}],"replies":[{"embeddable":true,"href":"https:\/\/subula.com\/fr\/wp-json\/wp\/v2\/comments?post=7592"}],"wp:featuredmedia":[{"embeddable":true,"href":"https:\/\/subula.com\/fr\/wp-json\/wp\/v2\/media\/7585"}],"wp:attachment":[{"href":"https:\/\/subula.com\/fr\/wp-json\/wp\/v2\/media?parent=7592"}],"wp:term":[{"taxonomy":"product_brand","embeddable":true,"href":"https:\/\/subula.com\/fr\/wp-json\/wp\/v2\/product_brand?post=7592"},{"taxonomy":"product_cat","embeddable":true,"href":"https:\/\/subula.com\/fr\/wp-json\/wp\/v2\/product_cat?post=7592"},{"taxonomy":"product_tag","embeddable":true,"href":"https:\/\/subula.com\/fr\/wp-json\/wp\/v2\/product_tag?post=7592"}],"curies":[{"name":"wp","href":"https:\/\/api.w.org\/{rel}","templated":true}]}}